{"id":433,"date":"2017-07-19T08:57:14","date_gmt":"2017-07-19T08:57:14","guid":{"rendered":"http:\/\/www.nicdarkthemes.com\/themes\/hotel\/wp\/demo\/?page_id=433"},"modified":"2025-05-26T18:26:34","modified_gmt":"2025-05-26T18:26:34","slug":"about-us","status":"publish","type":"page","link":"https:\/\/resortoasis.ca\/fr\/about-us\/","title":{"rendered":"\u00c0 PROPOS"},"content":{"rendered":"<div class=\"wpb-content-wrapper\"><div class=\"vc_row wpb_row vc_row-fluid\"><div class=\"wpb_column vc_column_container vc_col-sm-12\"><div class=\"vc_column-inner\"><div class=\"wpb_wrapper\"><div style=\"background-color:;height: 10px\" class=\"nicdark_section\"><\/div> <h1 style=\"color:;padding:px;text-align:center;font-size:40px;line-height:50px;letter-spacing: px;font-weight:normal\" class=\"nd_options_font_size_40_important_all_iphone nd_options_first_font\">\u00c0 PROPOS<\/h1> <\/div><\/div><\/div><\/div><div class=\"vc_row wpb_row vc_row-fluid\"><div class=\"wpb_column vc_column_container vc_col-sm-4 vc_hidden-sm vc_hidden-xs\"><div class=\"vc_column-inner vc_custom_1724310352584\"><div class=\"wpb_wrapper\"><div style=\"background-color:;height: 10px\" class=\"nicdark_section\"><\/div> <h2 style=\"color:;padding:px;text-align:right;font-size:25px;line-height:40px;letter-spacing: px;font-weight:bold\" class=\"nd_options_text_align_center_responsive_important nd_options_first_font\">Oasis RV Resort est l'endroit id\u00e9al pour s'amuser en famille et entre amis. Situ\u00e9 juste \u00e0 c\u00f4t\u00e9 de l'autoroute. 417, en bordure de la for\u00eat Larose, entre Montr\u00e9al et Ottawa, Oasis RV Resort se trouve juste en face de Calypso, le plus grand parc aquatique th\u00e9matique au Canada.<\/h2> <\/div><\/div><\/div><div class=\"wpb_column vc_column_container vc_col-sm-8 vc_hidden-sm vc_hidden-xs\"><div class=\"vc_column-inner\"><div class=\"wpb_wrapper\"><div style=\"background-color:;height: 20px\" class=\"nicdark_section\"><\/div>\n\t<div class=\"wpb_text_column wpb_content_element nd_options_text_align_center_responsive\" >\n\t\t<div class=\"wpb_wrapper\">\n\t\t\t<p><img loading=\"lazy\" decoding=\"async\" class=\"wp-image-2539 size-medium alignright\" src=\"https:\/\/spcdn.shortpixel.ai\/spio\/ret_img,q_cdnize,to_webp,s_webp\/resortoasis.ca\/wp-content\/uploads\/2024\/10\/Family-1-576x1024-1-169x300.webp\" alt=\"\" width=\"169\" height=\"300\" srcset=\"https:\/\/spcdn.shortpixel.ai\/spio\/ret_img,q_cdnize,to_webp,s_webp\/resortoasis.ca\/wp-content\/uploads\/2024\/10\/Family-1-576x1024-1-169x300.webp 169w, https:\/\/spcdn.shortpixel.ai\/spio\/ret_img,q_cdnize,to_webp,s_webp\/resortoasis.ca\/wp-content\/uploads\/2024\/10\/Family-1-576x1024-1-7x12.webp 7w, https:\/\/spcdn.shortpixel.ai\/spio\/ret_img,q_cdnize,to_webp,s_webp\/resortoasis.ca\/wp-content\/uploads\/2024\/10\/Family-1-576x1024-1.webp 576w\" sizes=\"auto, (max-width: 169px) 100vw, 169px\" \/><\/p>\n<p><span style=\"font-weight: 400;\">Les propri\u00e9taires, Isabelle et Louis Rocque, ainsi que leurs deux filles, Am\u00e9lie et Audr\u00e9e, ont enfin r\u00e9alis\u00e9 un r\u00eave de longue date. Apr\u00e8s avoir pass\u00e9 trois d\u00e9cennies \u00e0 entendre des histoires sur le terrain de camping familial des Rocque dans les ann\u00e9es 60-70, ils ont vu l'opportunit\u00e9 de transformer le mini-golf et le champ de pratique de Limoges en un terrain de camping <\/span><b>familial de premier choix.<\/b><\/p>\n<p>&nbsp;<\/p>\n<p><b>Terrain de camping familial<\/b><\/p>\n<p><span style=\"font-weight: 400;\">Avec enthousiasme et passion, ils ont d\u00e9velopp\u00e9 ce magnifique<\/span><b> terrain de camping <\/b><span style=\"font-weight: 400;\">qui allie leur amour de recevoir famille et amis, et leur passion pour les voyages dans le sud. Il est important, pour eux, non seulement d'offrir des installations de qualit\u00e9, <\/span><b>y compris des branchements<\/b><span style=\"font-weight: 400;\"> complets pour VR et des espaces adapt\u00e9s aux gros v\u00e9hicules, mais aussi de cr\u00e9er une atmosph\u00e8re familiale et de fournir un service personnalis\u00e9. Vous aurez probablement l'occasion de rencontrer Isabelle et Louis, ainsi que leurs deux petites entrepreneures, pendant votre s\u00e9jour, car ils vivent sur le terrain de camping. Profitez de notre camping tropical. Venez passer un bon moment sous un th\u00e8me tropical. La musique, la piscine d'eau sal\u00e9e chauff\u00e9e, le mini-golf, la ferme p\u00e9dagogique, et de nombreuses autres commodit\u00e9s telles que la structure gonflable, l'aire de jeux, le terrain de volley-ball et le terrain de basket-ball vous feront s\u00fbrement oublier le temps.<\/span><\/p>\n<p>&nbsp;<\/p>\n<p><b>Profitez de notre camping tropical<\/b><\/p>\n<p>&nbsp;<\/p>\n<p><span style=\"font-weight: 400;\">Profitez du bar et de la cantine sur place, ainsi que des spectacles et des activit\u00e9s con\u00e7ues pour tous les \u00e2ges.<\/span><\/p>\n<p><span style=\"font-weight: 400;\">Nous avons h\u00e2te de vous rencontrer ! Sant\u00e9 !<\/span><\/p>\n\n\t\t<\/div>\n\t<\/div>\n<\/div><\/div><\/div><\/div><div class=\"vc_row wpb_row vc_row-fluid vc_column-gap-5 vc_row-o-content-middle vc_row-flex\"><div class=\"wpb_column vc_column_container vc_col-sm-12 vc_hidden-lg vc_hidden-md\"><div class=\"vc_column-inner vc_custom_1724310602017\"><div class=\"wpb_wrapper\"><div style=\"background-color:;height: 10px\" class=\"nicdark_section\"><\/div> <h2 style=\"color:;padding:px;text-align:right;font-size:18px;line-height:40px;letter-spacing: px;font-weight:bold\" class=\"nd_options_text_align_center_responsive_important nd_options_first_font\">Oasis RV Resort est l'endroit id\u00e9al pour s'amuser en famille et entre amis. Situ\u00e9 juste \u00e0 c\u00f4t\u00e9 de l'autoroute. 417, en bordure de la for\u00eat Larose, entre Montr\u00e9al et Ottawa, Oasis RV Resort se trouve juste en face de Calypso, le plus grand parc aquatique th\u00e9matique au Canada.<\/h2> <div style=\"background-color:;height: 20px\" class=\"nicdark_section\"><\/div>\n\t<div  class=\"wpb_single_image wpb_content_element vc_align_center wpb_content_element\">\n\t\t\n\t\t<figure class=\"wpb_wrapper vc_figure\">\n\t\t\t<div class=\"vc_single_image-wrapper   vc_box_border_grey\"><img loading=\"lazy\" decoding=\"async\" width=\"576\" height=\"1024\" src=\"https:\/\/resortoasis.ca\/wp-content\/uploads\/2024\/10\/Family-1-576x1024-1.webp\" class=\"vc_single_image-img attachment-full\" alt=\"\" title=\"Family-1-576x1024-1\" srcset=\"https:\/\/resortoasis.ca\/wp-content\/uploads\/2024\/10\/Family-1-576x1024-1.webp 576w, https:\/\/resortoasis.ca\/wp-content\/uploads\/2024\/10\/Family-1-576x1024-1-169x300.webp 169w, https:\/\/resortoasis.ca\/wp-content\/uploads\/2024\/10\/Family-1-576x1024-1-7x12.webp 7w\" sizes=\"auto, (max-width: 576px) 100vw, 576px\" \/><\/div>\n\t\t<\/figure>\n\t<\/div>\n\n\t<div class=\"wpb_text_column wpb_content_element nd_options_text_align_center_responsive\" >\n\t\t<div class=\"wpb_wrapper\">\n\t\t\t<p><span style=\"font-weight: 400;\">Les propri\u00e9taires, Isabelle et Louis Rocque, ainsi que leurs deux filles, Am\u00e9lie et Audr\u00e9e, ont enfin r\u00e9alis\u00e9 un r\u00eave de longue date. Apr\u00e8s avoir pass\u00e9 trois d\u00e9cennies \u00e0 entendre des histoires sur le terrain de camping familial des Rocque dans les ann\u00e9es 60-70, ils ont vu l'opportunit\u00e9 de transformer le mini-golf et le champ de pratique de Limoges en un terrain de camping <\/span><b>familial de premier choix.<\/b><\/p>\n<p>&nbsp;<\/p>\n<p><b>Terrain de camping familial<\/b><\/p>\n<p>&nbsp;<\/p>\n<p><span style=\"font-weight: 400;\">Avec enthousiasme et passion, ils ont d\u00e9velopp\u00e9 ce magnifique<\/span><b> terrain de camping <\/b><span style=\"font-weight: 400;\">qui allie leur amour de recevoir famille et amis, et leur passion pour les voyages dans le sud. Il est important, pour eux, non seulement d'offrir des installations de qualit\u00e9, <\/span><b>y compris des branchements<\/b><span style=\"font-weight: 400;\"> complets pour VR et des espaces adapt\u00e9s aux gros v\u00e9hicules, mais aussi de cr\u00e9er une atmosph\u00e8re familiale et de fournir un service personnalis\u00e9. Vous aurez probablement l'occasion de rencontrer Isabelle et Louis, ainsi que leurs deux petites entrepreneures, pendant votre s\u00e9jour, car ils vivent sur le terrain de camping. Profitez de notre camping tropical. Venez passer un bon moment sous un th\u00e8me tropical. La musique, la piscine d'eau sal\u00e9e chauff\u00e9e, le mini-golf, la ferme p\u00e9dagogique, et de nombreuses autres commodit\u00e9s telles que la structure gonflable, l'aire de jeux, le terrain de volley-ball et le terrain de basket-ball vous feront s\u00fbrement oublier le temps.<\/span><\/p>\n<p>&nbsp;<\/p>\n<p><b>Profitez de notre camping tropical<\/b><\/p>\n<p>&nbsp;<\/p>\n<p><span style=\"font-weight: 400;\">Profitez du bar et de la cantine sur place, ainsi que des spectacles et des activit\u00e9s con\u00e7ues pour tous les \u00e2ges.<\/span><\/p>\n<p><span style=\"font-weight: 400;\">Nous avons h\u00e2te de vous rencontrer ! Sant\u00e9 !<\/span><\/p>\n\n\t\t<\/div>\n\t<\/div>\n<\/div><\/div><\/div><\/div><div class=\"vc_row wpb_row vc_row-fluid\"><div class=\"wpb_column vc_column_container vc_col-sm-12\"><div class=\"vc_column-inner\"><div class=\"wpb_wrapper\">\n\t<div class=\"wpb_video_widget wpb_content_element vc_clearfix   vc_video-aspect-ratio-169 vc_video-el-width-100 vc_video-align-left\" >\n\t\t<div class=\"wpb_wrapper\">\n\t\t\t\n\t\t\t<div class=\"wpb_video_wrapper\"><iframe loading=\"lazy\" title=\"Welcome to the Oasis RV Resort - Only 20 Minutes from Ottawa\" width=\"500\" height=\"281\" src=\"https:\/\/www.youtube.com\/embed\/jb2q0PEgVvg?feature=oembed\" frameborder=\"0\" allow=\"accelerometer; autoplay; clipboard-write; encrypted-media; gyroscope; picture-in-picture; web-share\" referrerpolicy=\"strict-origin-when-cross-origin\" allowfullscreen><\/iframe><\/div>\n\t\t<\/div>\n\t<\/div>\n<\/div><\/div><\/div><\/div><div class=\"vc_row wpb_row vc_row-fluid\"><div class=\"wpb_column vc_column_container vc_col-sm-12\"><div class=\"vc_column-inner\"><div class=\"wpb_wrapper\">\n\t<div class=\"wpb_raw_code wpb_raw_html wpb_content_element\" >\n\t\t<div class=\"wpb_wrapper\">\n\t\t\t<script type=\"application\/ld+json\">\n{\n  \"@context\": \"https:\/\/schema.org\",\n  \"@type\": \"LocalBusiness\",\n  \"name\": \"OUR HISTORY - Oasis RV Resort - Ottawa, Ontario - Canada\",\n  \"image\": \"https:\/\/resortoasis.ca\/wp-content\/uploads\/2024\/08\/OASIS-RVResort-1.png.webp\",\n  \"url\": \"https:\/\/resortoasis.ca\/en\/about-us\/\",\n  \"telephone\": \"613-443-2023\",\n  \"priceRange\": \"$$$$\",\n  \"address\": {\n    \"@type\": \"PostalAddress\",\n    \"streetAddress\": \"2052 Calypso St\",\n    \"addressLocality\": \"Limoges\",\n    \"addressRegion\": \"ON\",\n    \"postalCode\": \"K0A 2M0\",\n    \"addressCountry\": \"CA\"\n  },\n  \"geo\": {\n    \"@type\": \"GeoCoordinates\",\n    \"latitude\": 45.3219108,\n    \"longitude\": -75.2326202\n  },\n  \"aggregateRating\": {\n    \"@type\": \"AggregateRating\",\n    \"ratingValue\": \"5\",\n    \"bestRating\": \"5\",\n    \"worstRating\": \"1\",\n    \"ratingCount\": \"111\",\n    \"reviewCount\": \"111\"\n  }\n}\n<\/script>\n\n\t\t<\/div>\n\t<\/div>\n<\/div><\/div><\/div><\/div>\n<\/div>","protected":false},"excerpt":{"rendered":"ABOUT US Oasis RV Resort is the ideal place to have fun with family and friends. Located right off Hwy. 417, bordering Larose forest, between Montreal and Ottawa, Oasis RV [...]","protected":false},"author":1,"featured_media":0,"parent":0,"menu_order":0,"comment_status":"closed","ping_status":"closed","template":"","meta":{"footnotes":""},"class_list":["post-433","page","type-page","status-publish","hentry"],"yoast_head":"<!-- This site is optimized with the Yoast SEO Premium plugin v25.0 (Yoast SEO v27.3) - https:\/\/yoast.com\/product\/yoast-seo-premium-wordpress\/ -->\n<title>ABOUT US - Oasis RV Resort - Ottawa, Ontario - Canada<\/title>\n<meta name=\"robots\" content=\"index, follow, max-snippet:-1, max-image-preview:large, max-video-preview:-1\" \/>\n<link rel=\"canonical\" href=\"https:\/\/resortoasis.ca\/fr\/about-us\/\" \/>\n<meta property=\"og:locale\" content=\"fr_CA\" \/>\n<meta property=\"og:type\" content=\"article\" \/>\n<meta property=\"og:title\" content=\"ABOUT US\" \/>\n<meta property=\"og:url\" content=\"https:\/\/resortoasis.ca\/fr\/about-us\/\" \/>\n<meta property=\"og:site_name\" content=\"Oasis RV Resort - Ottawa, Ontario - Canada\" \/>\n<meta property=\"article:modified_time\" content=\"2025-05-26T18:26:34+00:00\" \/>\n<meta property=\"og:image\" content=\"https:\/\/resortoasis.ca\/wp-content\/uploads\/2024\/10\/Family-1-576x1024-1.webp\" \/>\n\t<meta property=\"og:image:width\" content=\"576\" \/>\n\t<meta property=\"og:image:height\" content=\"1024\" \/>\n\t<meta property=\"og:image:type\" content=\"image\/webp\" \/>\n<meta name=\"twitter:card\" content=\"summary_large_image\" \/>\n<meta name=\"twitter:label1\" content=\"Estimation du temps de lecture\" \/>\n\t<meta name=\"twitter:data1\" content=\"3 minutes\" \/>\n<script type=\"application\/ld+json\" class=\"yoast-schema-graph\">{\"@context\":\"https:\\\/\\\/schema.org\",\"@graph\":[{\"@type\":\"WebPage\",\"@id\":\"https:\\\/\\\/resortoasis.ca\\\/about-us\\\/\",\"url\":\"https:\\\/\\\/resortoasis.ca\\\/about-us\\\/\",\"name\":\"ABOUT US - Oasis RV Resort - Ottawa, Ontario - Canada\",\"isPartOf\":{\"@id\":\"https:\\\/\\\/resortoasis.ca\\\/en\\\/#website\"},\"primaryImageOfPage\":{\"@id\":\"https:\\\/\\\/resortoasis.ca\\\/about-us\\\/#primaryimage\"},\"image\":{\"@id\":\"https:\\\/\\\/resortoasis.ca\\\/about-us\\\/#primaryimage\"},\"thumbnailUrl\":\"https:\\\/\\\/resortoasis.ca\\\/wp-content\\\/uploads\\\/2024\\\/10\\\/Family-1-576x1024-1-169x300.webp\",\"datePublished\":\"2017-07-19T08:57:14+00:00\",\"dateModified\":\"2025-05-26T18:26:34+00:00\",\"breadcrumb\":{\"@id\":\"https:\\\/\\\/resortoasis.ca\\\/about-us\\\/#breadcrumb\"},\"inLanguage\":\"fr-CA\",\"potentialAction\":[{\"@type\":\"ReadAction\",\"target\":[\"https:\\\/\\\/resortoasis.ca\\\/about-us\\\/\"]}]},{\"@type\":\"ImageObject\",\"inLanguage\":\"fr-CA\",\"@id\":\"https:\\\/\\\/resortoasis.ca\\\/about-us\\\/#primaryimage\",\"url\":\"https:\\\/\\\/resortoasis.ca\\\/wp-content\\\/uploads\\\/2024\\\/10\\\/Family-1-576x1024-1-169x300.webp\",\"contentUrl\":\"https:\\\/\\\/resortoasis.ca\\\/wp-content\\\/uploads\\\/2024\\\/10\\\/Family-1-576x1024-1-169x300.webp\"},{\"@type\":\"BreadcrumbList\",\"@id\":\"https:\\\/\\\/resortoasis.ca\\\/about-us\\\/#breadcrumb\",\"itemListElement\":[{\"@type\":\"ListItem\",\"position\":1,\"name\":\"Home\",\"item\":\"https:\\\/\\\/resortoasis.ca\\\/\"},{\"@type\":\"ListItem\",\"position\":2,\"name\":\"ABOUT US\"}]},{\"@type\":\"WebSite\",\"@id\":\"https:\\\/\\\/resortoasis.ca\\\/en\\\/#website\",\"url\":\"https:\\\/\\\/resortoasis.ca\\\/en\\\/\",\"name\":\"Oasis RV Resort - Ottawa, Ontario - Canada\",\"description\":\"Campground in Eastern Ontario\",\"publisher\":{\"@id\":\"https:\\\/\\\/resortoasis.ca\\\/en\\\/#organization\"},\"potentialAction\":[{\"@type\":\"SearchAction\",\"target\":{\"@type\":\"EntryPoint\",\"urlTemplate\":\"https:\\\/\\\/resortoasis.ca\\\/en\\\/?s={search_term_string}\"},\"query-input\":{\"@type\":\"PropertyValueSpecification\",\"valueRequired\":true,\"valueName\":\"search_term_string\"}}],\"inLanguage\":\"fr-CA\"},{\"@type\":\"Organization\",\"@id\":\"https:\\\/\\\/resortoasis.ca\\\/en\\\/#organization\",\"name\":\"Oasis RV Resort - Ottawa, Ontario - Canada\",\"url\":\"https:\\\/\\\/resortoasis.ca\\\/en\\\/\",\"logo\":{\"@type\":\"ImageObject\",\"inLanguage\":\"fr-CA\",\"@id\":\"https:\\\/\\\/resortoasis.ca\\\/en\\\/#\\\/schema\\\/logo\\\/image\\\/\",\"url\":\"https:\\\/\\\/resortoasis.ca\\\/wp-content\\\/uploads\\\/2024\\\/08\\\/OASIS-LOGO-1.png\",\"contentUrl\":\"https:\\\/\\\/resortoasis.ca\\\/wp-content\\\/uploads\\\/2024\\\/08\\\/OASIS-LOGO-1.png\",\"width\":300,\"height\":272,\"caption\":\"Oasis RV Resort - Ottawa, Ontario - Canada\"},\"image\":{\"@id\":\"https:\\\/\\\/resortoasis.ca\\\/en\\\/#\\\/schema\\\/logo\\\/image\\\/\"}}]}<\/script>\n<!-- \/ Yoast SEO Premium plugin. -->","yoast_head_json":{"title":"ABOUT US - Oasis RV Resort - Ottawa, Ontario - Canada","robots":{"index":"index","follow":"follow","max-snippet":"max-snippet:-1","max-image-preview":"max-image-preview:large","max-video-preview":"max-video-preview:-1"},"canonical":"https:\/\/resortoasis.ca\/fr\/about-us\/","og_locale":"fr_CA","og_type":"article","og_title":"ABOUT US","og_url":"https:\/\/resortoasis.ca\/fr\/about-us\/","og_site_name":"Oasis RV Resort - Ottawa, Ontario - Canada","article_modified_time":"2025-05-26T18:26:34+00:00","og_image":[{"width":576,"height":1024,"url":"https:\/\/resortoasis.ca\/wp-content\/uploads\/2024\/10\/Family-1-576x1024-1.webp","type":"image\/webp"}],"twitter_card":"summary_large_image","twitter_misc":{"Estimation du temps de lecture":"3 minutes"},"schema":{"@context":"https:\/\/schema.org","@graph":[{"@type":"WebPage","@id":"https:\/\/resortoasis.ca\/about-us\/","url":"https:\/\/resortoasis.ca\/about-us\/","name":"ABOUT US - Oasis RV Resort - Ottawa, Ontario - Canada","isPartOf":{"@id":"https:\/\/resortoasis.ca\/en\/#website"},"primaryImageOfPage":{"@id":"https:\/\/resortoasis.ca\/about-us\/#primaryimage"},"image":{"@id":"https:\/\/resortoasis.ca\/about-us\/#primaryimage"},"thumbnailUrl":"https:\/\/resortoasis.ca\/wp-content\/uploads\/2024\/10\/Family-1-576x1024-1-169x300.webp","datePublished":"2017-07-19T08:57:14+00:00","dateModified":"2025-05-26T18:26:34+00:00","breadcrumb":{"@id":"https:\/\/resortoasis.ca\/about-us\/#breadcrumb"},"inLanguage":"fr-CA","potentialAction":[{"@type":"ReadAction","target":["https:\/\/resortoasis.ca\/about-us\/"]}]},{"@type":"ImageObject","inLanguage":"fr-CA","@id":"https:\/\/resortoasis.ca\/about-us\/#primaryimage","url":"https:\/\/resortoasis.ca\/wp-content\/uploads\/2024\/10\/Family-1-576x1024-1-169x300.webp","contentUrl":"https:\/\/resortoasis.ca\/wp-content\/uploads\/2024\/10\/Family-1-576x1024-1-169x300.webp"},{"@type":"BreadcrumbList","@id":"https:\/\/resortoasis.ca\/about-us\/#breadcrumb","itemListElement":[{"@type":"ListItem","position":1,"name":"Home","item":"https:\/\/resortoasis.ca\/"},{"@type":"ListItem","position":2,"name":"ABOUT US"}]},{"@type":"WebSite","@id":"https:\/\/resortoasis.ca\/en\/#website","url":"https:\/\/resortoasis.ca\/en\/","name":"Oasis RV Resort - Ottawa, Ontario - Canada","description":"Campground in Eastern Ontario","publisher":{"@id":"https:\/\/resortoasis.ca\/en\/#organization"},"potentialAction":[{"@type":"SearchAction","target":{"@type":"EntryPoint","urlTemplate":"https:\/\/resortoasis.ca\/en\/?s={search_term_string}"},"query-input":{"@type":"PropertyValueSpecification","valueRequired":true,"valueName":"search_term_string"}}],"inLanguage":"fr-CA"},{"@type":"Organization","@id":"https:\/\/resortoasis.ca\/en\/#organization","name":"Oasis RV Resort - Ottawa, Ontario - Canada","url":"https:\/\/resortoasis.ca\/en\/","logo":{"@type":"ImageObject","inLanguage":"fr-CA","@id":"https:\/\/resortoasis.ca\/en\/#\/schema\/logo\/image\/","url":"https:\/\/resortoasis.ca\/wp-content\/uploads\/2024\/08\/OASIS-LOGO-1.png","contentUrl":"https:\/\/resortoasis.ca\/wp-content\/uploads\/2024\/08\/OASIS-LOGO-1.png","width":300,"height":272,"caption":"Oasis RV Resort - Ottawa, Ontario - Canada"},"image":{"@id":"https:\/\/resortoasis.ca\/en\/#\/schema\/logo\/image\/"}}]}},"_links":{"self":[{"href":"https:\/\/resortoasis.ca\/fr\/wp-json\/wp\/v2\/pages\/433","targetHints":{"allow":["GET"]}}],"collection":[{"href":"https:\/\/resortoasis.ca\/fr\/wp-json\/wp\/v2\/pages"}],"about":[{"href":"https:\/\/resortoasis.ca\/fr\/wp-json\/wp\/v2\/types\/page"}],"author":[{"embeddable":true,"href":"https:\/\/resortoasis.ca\/fr\/wp-json\/wp\/v2\/users\/1"}],"replies":[{"embeddable":true,"href":"https:\/\/resortoasis.ca\/fr\/wp-json\/wp\/v2\/comments?post=433"}],"version-history":[{"count":42,"href":"https:\/\/resortoasis.ca\/fr\/wp-json\/wp\/v2\/pages\/433\/revisions"}],"predecessor-version":[{"id":2859,"href":"https:\/\/resortoasis.ca\/fr\/wp-json\/wp\/v2\/pages\/433\/revisions\/2859"}],"wp:attachment":[{"href":"https:\/\/resortoasis.ca\/fr\/wp-json\/wp\/v2\/media?parent=433"}],"curies":[{"name":"wp","href":"https:\/\/api.w.org\/{rel}","templated":true}]}}