{"id":2862,"date":"2025-06-09T10:07:40","date_gmt":"2025-06-09T10:07:40","guid":{"rendered":"https:\/\/resortoasis.ca\/?page_id=2862"},"modified":"2025-10-15T04:58:26","modified_gmt":"2025-10-15T04:58:26","slug":"local-attractions","status":"publish","type":"page","link":"https:\/\/resortoasis.ca\/fr\/local-attractions\/","title":{"rendered":"Principales attractions"},"content":{"rendered":"<div class=\"wpb-content-wrapper\"><div class=\"vc_row wpb_row vc_row-fluid\"><div class=\"wpb_column vc_column_container vc_col-sm-12\"><div class=\"vc_column-inner\"><div class=\"wpb_wrapper\"><div style=\"background-color:;height: 10px\" class=\"nicdark_section\"><\/div> <h1 style=\"color:;padding:px;text-align:center;font-size:40px;line-height:50px;letter-spacing: px;font-weight:normal\" class=\"nd_options_font_size_40_important_all_iphone nd_options_first_font\">Principales attractions<\/h1> <div style=\"background-color:;height: 20px\" class=\"nicdark_section\"><\/div><\/div><\/div><\/div><\/div><div class=\"vc_row wpb_row vc_row-fluid\"><div class=\"wpb_column vc_column_container vc_col-sm-12\"><div class=\"vc_column-inner\"><div class=\"wpb_wrapper\">\n\t<div class=\"wpb_text_column wpb_content_element\" >\n\t\t<div class=\"wpb_wrapper\">\n\t\t\t<p style=\"text-align: center;\" class=\"translation-block\">Vous cherchez des activit\u00e9s amusantes pendant votre s\u00e9jour au <a href=\"https:\/\/resortoasis.ca\/fr\/\">Oasis RV Resort\u202f?<\/a> Que vous \nsoyez ici pour un week-end ou planifiez un s\u00e9jour prolong\u00e9, il y a \u00e9norm\u00e9ment \u00e0 d\u00e9couvrir \u00e0 \nquelques minutes de notre camping familial pour VR \u00e0 Limoges, en Ontario. Des toboggans \naquatiques palpitants aux sentiers paisibles en for\u00eat, en passant par les terrains de golf locaux, \nla cueillette de fruits et les excursions d'une journ\u00e9e \u00e0 Ottawa, peu importe vos int\u00e9r\u00eats, il y en a \npour tous les go\u00fbts.<\/p>\n<p style=\"text-align: center;\"><b>Voici un guide des meilleures attractions \u00e0 proximit\u00e9, toutes facilement accessibles depuis notre \nemplacement id\u00e9al pr\u00e8s de l'autoroute 417:<\/b><\/p>\n\n\t\t<\/div>\n\t<\/div>\n<\/div><\/div><\/div><\/div><div class=\"vc_row wpb_row vc_row-fluid vc_custom_1749446864938 vc_row-has-fill vc_row-o-content-middle vc_row-flex\"><div class=\"wpb_column vc_column_container vc_col-sm-6\"><div class=\"vc_column-inner\"><div class=\"wpb_wrapper\">\n\t<div class=\"wpb_text_column wpb_content_element\" >\n\t\t<div class=\"wpb_wrapper\">\n\t\t\t<h2><b>Parc aquatique Calypso<\/b><\/h2>\n<p class=\"translation-block\">Rien ne peut \u00eatre plus pratique. Le <a href=\"https:\/\/calypsopark.com\/fr\/\">parc aquatique Calypso<\/a> est le plus grand parc aquatique \nth\u00e9matique du Canada. Et devinez quoi ? Il se trouve \u00e0 une courte promenade du Oasis RV \nResort. Avec ses piscines \u00e0 vagues, ses rivi\u00e8res tranquilles, ses \u00e9normes toboggans, ses zones \nde jeux d'eau et bien plus encore, profitez d'une journ\u00e9e enti\u00e8re de plaisir en famille sous le \nsoleil. Les enfants adoreront les terrains de jeux aquatiques color\u00e9s et les amateurs de \nsensations fortes pourront affronter certains des toboggans les plus hauts du pays. Que ce soit \npour vous rafra\u00eechir lors d'une chaude journ\u00e9e d'\u00e9t\u00e9 ou pour cr\u00e9er des souvenirs avec toute la \nfamille, Calypso est un incontournable.<\/p>\n\n\t\t<\/div>\n\t<\/div>\n<\/div><\/div><\/div><div class=\"wpb_column vc_column_container vc_col-sm-6\"><div class=\"vc_column-inner\"><div class=\"wpb_wrapper\">\n\t<div  class=\"wpb_single_image wpb_content_element vc_align_left wpb_content_element\">\n\t\t\n\t\t<figure class=\"wpb_wrapper vc_figure\">\n\t\t\t<div class=\"vc_single_image-wrapper   vc_box_border_grey\"><img loading=\"lazy\" decoding=\"async\" width=\"1500\" height=\"1000\" src=\"https:\/\/resortoasis.ca\/wp-content\/uploads\/2025\/06\/calypso_2014_audet_photo_7770-2-2-1.webp\" class=\"vc_single_image-img attachment-full\" alt=\"Top Attractions Near Oasis RV Resort in Limoges, Ontario\" title=\"calypso_2014_audet_photo_7770-2 (2) (1)\" srcset=\"https:\/\/resortoasis.ca\/wp-content\/uploads\/2025\/06\/calypso_2014_audet_photo_7770-2-2-1.webp 1500w, https:\/\/resortoasis.ca\/wp-content\/uploads\/2025\/06\/calypso_2014_audet_photo_7770-2-2-1-300x200.webp 300w, https:\/\/resortoasis.ca\/wp-content\/uploads\/2025\/06\/calypso_2014_audet_photo_7770-2-2-1-1024x683.webp 1024w, https:\/\/resortoasis.ca\/wp-content\/uploads\/2025\/06\/calypso_2014_audet_photo_7770-2-2-1-768x512.webp 768w, https:\/\/resortoasis.ca\/wp-content\/uploads\/2025\/06\/calypso_2014_audet_photo_7770-2-2-1-18x12.webp 18w\" sizes=\"auto, (max-width: 1500px) 100vw, 1500px\" \/><\/div>\n\t\t<\/figure>\n\t<\/div>\n<\/div><\/div><\/div><\/div><div class=\"vc_row wpb_row vc_row-fluid vc_row-o-content-middle vc_row-flex\"><div class=\"wpb_column vc_column_container vc_col-sm-6\"><div class=\"vc_column-inner\"><div class=\"wpb_wrapper\">\n\t<div  class=\"wpb_single_image wpb_content_element vc_align_left wpb_content_element\">\n\t\t\n\t\t<figure class=\"wpb_wrapper vc_figure\">\n\t\t\t<div class=\"vc_single_image-wrapper   vc_box_border_grey\"><img loading=\"lazy\" decoding=\"async\" width=\"1331\" height=\"1000\" src=\"https:\/\/resortoasis.ca\/wp-content\/uploads\/2025\/06\/forest-larose-local-attractions-in-limoges-ontario-2-1.webp\" class=\"vc_single_image-img attachment-full\" alt=\"Top Attractions Near Oasis RV Resort in Limoges, Ontario\" title=\"forest larose local attractions in limoges ontario (2) (1)\" srcset=\"https:\/\/resortoasis.ca\/wp-content\/uploads\/2025\/06\/forest-larose-local-attractions-in-limoges-ontario-2-1.webp 1331w, https:\/\/resortoasis.ca\/wp-content\/uploads\/2025\/06\/forest-larose-local-attractions-in-limoges-ontario-2-1-300x225.webp 300w, https:\/\/resortoasis.ca\/wp-content\/uploads\/2025\/06\/forest-larose-local-attractions-in-limoges-ontario-2-1-1024x769.webp 1024w, https:\/\/resortoasis.ca\/wp-content\/uploads\/2025\/06\/forest-larose-local-attractions-in-limoges-ontario-2-1-768x577.webp 768w, https:\/\/resortoasis.ca\/wp-content\/uploads\/2025\/06\/forest-larose-local-attractions-in-limoges-ontario-2-1-16x12.webp 16w\" sizes=\"auto, (max-width: 1331px) 100vw, 1331px\" \/><\/div>\n\t\t<\/figure>\n\t<\/div>\n<\/div><\/div><\/div><div class=\"wpb_column vc_column_container vc_col-sm-6\"><div class=\"vc_column-inner\"><div class=\"wpb_wrapper\">\n\t<div class=\"wpb_text_column wpb_content_element\" >\n\t\t<div class=\"wpb_wrapper\">\n\t\t\t<h2><b>For\u00eat Larose - Sentiers, tranquillit\u00e9 et nature pure<\/b><\/h2>\n<p class=\"translation-block\">Juste \u00e0 c\u00f4t\u00e9 de notre RV Resort se trouve l'un des secrets les mieux gard\u00e9s de l'Est de l'Ontario \n: la For\u00eat Larose. C'est l'endroit id\u00e9al pour se reconnecter \u00e0 la nature. Explorez des sentiers \npaisibles de randonn\u00e9e, observez la faune ou respirez simplement l'air frais de la for\u00eat. Avec \nplus de 200\u202fkm de sentiers pour la marche, le v\u00e9lo et m\u00eame l'\u00e9quitation, cet endroit devient un \nparadis pour le VTT et l'observation des oiseaux en \u00e9t\u00e9, tandis que les couleurs automnales \nsont tout simplement spectaculaires.<\/p>\n\n\t\t<\/div>\n\t<\/div>\n<\/div><\/div><\/div><\/div><div class=\"vc_row wpb_row vc_row-fluid\"><div class=\"wpb_column vc_column_container vc_col-sm-12\"><div class=\"vc_column-inner\"><div class=\"wpb_wrapper\">\n\t<div class=\"wpb_text_column wpb_content_element vc_custom_1749444479224\" >\n\t\t<div class=\"wpb_wrapper\">\n\t\t\t<h2><b>Visitez Ottawa - Une excursion d'une journ\u00e9e dans la \ncapitale<\/b><\/h2>\n\n\t\t<\/div>\n\t<\/div>\n\n\t<div class=\"wpb_video_widget wpb_content_element vc_clearfix   vc_custom_1749444573911 vc_video-aspect-ratio-169 vc_video-el-width-100 vc_video-align-center\" >\n\t\t<div class=\"wpb_wrapper\">\n\t\t\t\n\t\t\t<div class=\"wpb_video_wrapper\"><iframe loading=\"lazy\" title=\"10 Fun Things to Do in Ottawa with Kids\" width=\"500\" height=\"281\" src=\"https:\/\/www.youtube.com\/embed\/3ps9fItK7MQ?start=365&feature=oembed\" frameborder=\"0\" allow=\"accelerometer; autoplay; clipboard-write; encrypted-media; gyroscope; picture-in-picture; web-share\" referrerpolicy=\"strict-origin-when-cross-origin\" allowfullscreen><\/iframe><\/div>\n\t\t<\/div>\n\t<\/div>\n\n\t<div class=\"wpb_text_column wpb_content_element\" >\n\t\t<div class=\"wpb_wrapper\">\n\t\t\t<p class=\"translation-block\">L'un des avantages de s\u00e9journer \u00e0 Oasis, c'est sa proximit\u00e9 avec tout, y compris Ottawa, la \ncapitale canadienne. \u00c0 seulement 20 minutes par l'autoroute 417, vous pourrez explorer la \n \nColline du Parlement, vous promener au march\u00e9 By historique ou visiter l'un des mus\u00e9es de \nclasse mondiale de la ville.<\/p>\n<p><span style=\"font-weight: 400;\">Quelques incontournables :<\/span><\/p>\n<ul>\n<li style=\"font-weight: 400;\" aria-level=\"1\"><b><a href=\"https:\/\/nature.ca\/fr\/\">Mus\u00e9e canadien de la nature<\/a><\/b><b><\/b><\/li>\n<li style=\"font-weight: 400;\" aria-level=\"1\"><b>Mus\u00e9e canadien de la guerre<\/b><b><\/b><\/li>\n<li style=\"font-weight: 400;\" aria-level=\"1\"><b>Mus\u00e9e des beaux-arts du Canada<\/b><b><\/b><\/li>\n<\/ul>\n<p class=\"translation-block\">Et ne manquez pas de vous promener le long du Canal Rideau ou d'aller d\u00e9guster une bouch\u00e9e \ndans l'un des nombreux restaurants locaux d'Ottawa. Puis retournez \u00e0 la tranquillit\u00e9 et au \nconfort de votre emplacement ou de votre chalet en soir\u00e9e.<\/p>\n\n\t\t<\/div>\n\t<\/div>\n<\/div><\/div><\/div><\/div><div class=\"vc_row wpb_row vc_row-fluid vc_custom_1749444389382 vc_row-has-fill\"><div class=\"wpb_column vc_column_container vc_col-sm-12\"><div class=\"vc_column-inner\"><div class=\"wpb_wrapper\">\n\t<div class=\"wpb_text_column wpb_content_element\" >\n\t\t<div class=\"wpb_wrapper\">\n\t\t\t<h2><b>Cueillette de fruits aux Vergers Villeneuve<\/b><\/h2>\n<p class=\"translation-block\">Envie de quelque chose de doux et simple ? \u00c0 environ 15 minutes de notre camping, Les \nVergers Villeneuve vous offrent la possibilit\u00e9 de cueillir des fruits de saison. Des fraises en \nd\u00e9but d'\u00e9t\u00e9 aux pommes en automne, c'est une activit\u00e9 id\u00e9ale pour les familles, les couples ou \ntous ceux qui aiment les produits locaux frais. Apportez un panier, promenez-vous dans le \nverger et savourez un avant-go\u00fbt de la campagne ontarienne. C'est \u00e9galement un endroit \ncharmant pour faire des photos ou un pique-nique.<\/p>\n\n\t\t<\/div>\n\t<\/div>\n<\/div><\/div><\/div><\/div><div class=\"vc_row wpb_row vc_row-fluid\"><div class=\"wpb_column vc_column_container vc_col-sm-12\"><div class=\"vc_column-inner\"><div class=\"wpb_wrapper\">\n\t<div class=\"wpb_text_column wpb_content_element\" >\n\t\t<div class=\"wpb_wrapper\">\n\t\t\t<h2><b>Club de golf et de loisirs Casselview<\/b><\/h2>\n<p class=\"translation-block\">Les amateurs de golf adoreront le Club de golf et de loisirs <a href=\"https:\/\/casselview.com\/\">Casselview<\/a> situ\u00e9 \u00e0 proximit\u00e9, avec \nson parcours panoramique et exigeant de 18 trous. Que vous soyez golfeur exp\u00e9riment\u00e9 ou que \nvous ayez simplement envie de faire une partie d\u00e9contract\u00e9e, cet endroit est parfait pour se \nd\u00e9tendre. Le parcours est bien entretenu et le pavillon est un excellent coin pour boire un verre \nou manger un morceau apr\u00e8s le jeu.<\/p>\n\n\t\t<\/div>\n\t<\/div>\n<\/div><\/div><\/div><\/div><div class=\"vc_row wpb_row vc_row-fluid\"><div class=\"wpb_column vc_column_container vc_col-sm-12\"><div class=\"vc_column-inner\"><div class=\"wpb_wrapper\">\n\t<div class=\"wpb_text_column wpb_content_element\" >\n\t\t<div class=\"wpb_wrapper\">\n\t\t\t<h2><b><a href=\"https:\/\/fromagestalbert.com\/?lang=en\">Fromagerie St-Albert<\/a>\u00a0<\/b><\/h2>\n<p><span style=\"font-weight: 400;\">No trip to the area is complete without visiting the <\/span><a href=\"https:\/\/fromagestalbert.com\/?lang=en\"><b><a href=\"https:\/\/fromagestalbert.com\/?lang=en\">Fromagerie St-Albert<\/a><\/b><\/a><span style=\"font-weight: 400;\">. It\u2019s famous for squeaky cheese curds and delicious local dairy products. You can take a quick self-guided tour, learn about cheese-making, and shop for goodies to bring back to your site. If you&#8217;re staying at our <\/span><a href=\"https:\/\/resortoasis.ca\/fr\/our-history\/\"><b>family RV campground<\/b><\/a><span style=\"font-weight: 400;\">, stock up on snacks for the firepit and don\u2019t forget the poutine cheese! Call (613) 443-2023 to reserve your spot today!<\/span><\/p>\n\n\t\t<\/div>\n\t<\/div>\n<\/div><\/div><\/div><\/div><div class=\"vc_row wpb_row vc_row-fluid vc_custom_1749444450652 vc_row-has-fill\"><div class=\"wpb_column vc_column_container vc_col-sm-12\"><div class=\"vc_column-inner\"><div class=\"wpb_wrapper\">\n\t<div class=\"wpb_text_column wpb_content_element\" >\n\t\t<div class=\"wpb_wrapper\">\n\t\t\t<h2><b>Pizza \u00e0 Limoges - Rapide, local et savoureux<\/b><\/h2>\n<p class=\"translation-block\">Parfois, une envie de pizza rapide et d\u00e9licieuse se fait sentir. Limoges propose quelques \noptions locales \u00e0 seulement deux minutes du Oasis RV Resort. Que ce soit pour une classique \npepperoni ou une option gastronomique, vous trouverez une pizza fra\u00eeche et chaude \u00e0 \nproximit\u00e9. C'est id\u00e9al pour un d\u00eener d\u00e9contract\u00e9 apr\u00e8s une journ\u00e9e pleine de glissades d'eau ou \nde sentiers forestiers. Nous vous recommandons <a href=\"https:\/\/g.co\/kgs\/VbDgxVb\">la pizzeria Baboul \u00e0 Limoges, Ontario.<\/a><\/p>\n\n\t\t<\/div>\n\t<\/div>\n<\/div><\/div><\/div><\/div><div class=\"vc_row wpb_row vc_row-fluid\"><div class=\"wpb_column vc_column_container vc_col-sm-12\"><div class=\"vc_column-inner\"><div class=\"wpb_wrapper\">\n\t<div class=\"wpb_text_column wpb_content_element\" >\n\t\t<div class=\"wpb_wrapper\">\n\t\t\t<h2><b>S\u00e9journez \u00e0 Oasis RV Resort - Votre point de d\u00e9part pour \nexplorer l'Est de l'Ontario<\/b><\/h2>\n<p><span style=\"font-weight: 400;\">\u00c0 Oasis RV Resort, vous \u00eates toujours proche des plaisirs, de la nature et de la culture. Que \nvous veniez pour profiter du parc aquatique Calypso, des sentiers de la For\u00eat Larose, d\u00e9couvrir \nOttawa ou tout simplement vous d\u00e9tendre en famille, notre camping est la base id\u00e9ale.<\/span><\/p>\n<p><span style=\"font-weight: 400;\">Nous offrons :<\/span><\/p>\n<ul>\n<li aria-level=\"1\"><a href=\"https:\/\/resortoasis.ca\/fr\/our-accomodations\/\"><b>Des emplacements spacieux pour VR<\/b><\/a><\/li>\n<\/ul>\n<ul>\n<li aria-level=\"1\"><b>Des chalets enti\u00e8rement \u00e9quip\u00e9s<\/b><\/li>\n<\/ul>\n<ul>\n<li aria-level=\"1\"><b>Des installations propres et un personnel accueillant<\/b><\/li>\n<\/ul>\n<ul>\n<li aria-level=\"1\"><b>Un environnement calme, s\u00e9curis\u00e9 et familial<\/b><b><\/b><\/li>\n<\/ul>\n<p class=\"translation-block\">Avec tant de choses \u00e0 faire \u00e0 proximit\u00e9, il est impossible de s'ennuyer\u2026 \u00e0 moins que vous ne le \nvouliez. Qu'attendez-vous ? R\u00e9servez votre place d\u00e8s aujourd'hui.<\/p>\n\n\t\t<\/div>\n\t<\/div>\n<\/div><\/div><\/div><\/div><div class=\"vc_row wpb_row vc_row-fluid vc_custom_1749444101815 vc_row-has-fill\"><div class=\"wpb_column vc_column_container vc_col-sm-12\"><div class=\"vc_column-inner\"><div class=\"wpb_wrapper\">\n\t<div class=\"wpb_text_column wpb_content_element\" >\n\t\t<div class=\"wpb_wrapper\">\n\t\t\t<h2><b>Organisez votre s\u00e9jour d\u00e8s maintenant<\/b><\/h2>\n<p class=\"translation-block\">Pr\u00eat \u00e0 explorer Limoges et ses environs ? R\u00e9servez votre s\u00e9jour \u00e0 Oasis RV Resort et offrez-\nvous aventure et d\u00e9tente en une seule visite. Que vous arriviez avec votre VR ou que vous \ncherchiez \u00e0 <a href=\"https:\/\/resortoasis.ca\/fr\/cabins-rentals\/\">louer un chalet confortable,<\/a> nous avons tout ce qu'il vous faut.<\/p>\n<p class=\"translation-block\">Nous avons h\u00e2te de vous accueillir !<\/p>\n<p><span style=\"font-weight: 400;\">\u00a0\u00a0<\/span><\/p>\n\n\t\t<\/div>\n\t<\/div>\n<\/div><\/div><\/div><\/div><div class=\"vc_row wpb_row vc_row-fluid\"><div class=\"wpb_column vc_column_container vc_col-sm-12\"><div class=\"vc_column-inner\"><div class=\"wpb_wrapper\">\n\t<div class=\"wpb_raw_code wpb_raw_html wpb_content_element\" >\n\t\t<div class=\"wpb_wrapper\">\n\t\t\t<script type=\"application\/ld+json\">\n{\n  \"@context\": \"https:\/\/schema.org\",\n  \"@type\": \"LocalBusiness\",\n  \"name\": \"Top Attractions Near Oasis RV Resort in Limoges, Ontario\",\n  \"image\": \"https:\/\/resortoasis.ca\/wp-content\/uploads\/2024\/08\/OASIS-RVResort-1.png.webp\",\n  \"url\": \"https:\/\/resortoasis.ca\/local-attractions\/\",\n  \"telephone\": \"613-443-2023\",\n  \"priceRange\": \"$$$$\",\n  \"description\": \"Stay at Oasis RV Resort in Limoges, Ontario and enjoy nearby attractions like Calypso Waterpark, Larose Forest, Ottawa museums, golf, and more!\",\n  \"address\": {\n    \"@type\": \"PostalAddress\",\n    \"streetAddress\": \"2052 Calypso St\",\n    \"addressLocality\": \"Limoges\",\n    \"addressRegion\": \"ON\",\n    \"postalCode\": \"K0A 2M0\",\n    \"addressCountry\": \"CA\"\n  },\n  \"geo\": {\n    \"@type\": \"GeoCoordinates\",\n    \"latitude\": 45.3219108,\n    \"longitude\": -75.2326202\n  },\n  \"aggregateRating\": {\n    \"@type\": \"AggregateRating\",\n    \"ratingValue\": \"5\",\n    \"bestRating\": \"5\",\n    \"worstRating\": \"1\",\n    \"ratingCount\": \"111\",\n    \"reviewCount\": \"111\"\n  }\n \n    }\n<\/script>\n\n\n\t\t<\/div>\n\t<\/div>\n<\/div><\/div><\/div><\/div>\n<\/div>","protected":false},"excerpt":{"rendered":"Top Attractions Near Oasis RV Resort in Limoges, Ontario Are you looking for fun things to do while staying at Oasis RV Resort? Whether you're visiting for a weekend or [...]","protected":false},"author":3,"featured_media":0,"parent":0,"menu_order":0,"comment_status":"closed","ping_status":"closed","template":"","meta":{"footnotes":""},"class_list":["post-2862","page","type-page","status-publish","hentry"],"yoast_head":"<!-- This site is optimized with the Yoast SEO Premium plugin v25.0 (Yoast SEO v27.3) - https:\/\/yoast.com\/product\/yoast-seo-premium-wordpress\/ -->\n<title>Top Attractions Near Oasis RV Resort in Limoges, Ontario<\/title>\n<meta name=\"description\" content=\"Stay at Oasis RV Resort in Limoges, Ontario and enjoy nearby attractions like Calypso Waterpark, Larose Forest, Ottawa museums, golf, and more!\" \/>\n<meta name=\"robots\" content=\"index, follow, max-snippet:-1, max-image-preview:large, max-video-preview:-1\" \/>\n<link rel=\"canonical\" href=\"https:\/\/resortoasis.ca\/fr\/local-attractions\/\" \/>\n<meta property=\"og:locale\" content=\"fr_CA\" \/>\n<meta property=\"og:type\" content=\"article\" \/>\n<meta property=\"og:title\" content=\"Top Attractions Near Oasis RV Resort in Limoges, Ontario\" \/>\n<meta property=\"og:description\" content=\"Stay at Oasis RV Resort in Limoges, Ontario and enjoy nearby attractions like Calypso Waterpark, Larose Forest, Ottawa museums, golf, and more!\" \/>\n<meta property=\"og:url\" content=\"https:\/\/resortoasis.ca\/fr\/local-attractions\/\" \/>\n<meta property=\"og:site_name\" content=\"Oasis RV Resort - Ottawa, Ontario - Canada\" \/>\n<meta property=\"article:modified_time\" content=\"2025-10-15T04:58:26+00:00\" \/>\n<meta property=\"og:image\" content=\"https:\/\/resortoasis.ca\/wp-content\/uploads\/2024\/08\/OASIS-LOGO-1.png\" \/>\n\t<meta property=\"og:image:width\" content=\"300\" \/>\n\t<meta property=\"og:image:height\" content=\"272\" \/>\n\t<meta property=\"og:image:type\" content=\"image\/png\" \/>\n<meta name=\"twitter:card\" content=\"summary_large_image\" \/>\n<meta name=\"twitter:label1\" content=\"Estimation du temps de lecture\" \/>\n\t<meta name=\"twitter:data1\" content=\"5 minutes\" \/>\n<script type=\"application\/ld+json\" class=\"yoast-schema-graph\">{\"@context\":\"https:\\\/\\\/schema.org\",\"@graph\":[{\"@type\":\"WebPage\",\"@id\":\"https:\\\/\\\/resortoasis.ca\\\/local-attractions\\\/\",\"url\":\"https:\\\/\\\/resortoasis.ca\\\/local-attractions\\\/\",\"name\":\"Top Attractions Near Oasis RV Resort in Limoges, Ontario\",\"isPartOf\":{\"@id\":\"https:\\\/\\\/resortoasis.ca\\\/en\\\/#website\"},\"datePublished\":\"2025-06-09T10:07:40+00:00\",\"dateModified\":\"2025-10-15T04:58:26+00:00\",\"description\":\"Stay at Oasis RV Resort in Limoges, Ontario and enjoy nearby attractions like Calypso Waterpark, Larose Forest, Ottawa museums, golf, and more!\",\"breadcrumb\":{\"@id\":\"https:\\\/\\\/resortoasis.ca\\\/local-attractions\\\/#breadcrumb\"},\"inLanguage\":\"fr-CA\",\"potentialAction\":[{\"@type\":\"ReadAction\",\"target\":[\"https:\\\/\\\/resortoasis.ca\\\/local-attractions\\\/\"]}]},{\"@type\":\"BreadcrumbList\",\"@id\":\"https:\\\/\\\/resortoasis.ca\\\/local-attractions\\\/#breadcrumb\",\"itemListElement\":[{\"@type\":\"ListItem\",\"position\":1,\"name\":\"Home\",\"item\":\"https:\\\/\\\/resortoasis.ca\\\/\"},{\"@type\":\"ListItem\",\"position\":2,\"name\":\"Top Attractions Near Oasis RV Resort in Limoges, Ontario\"}]},{\"@type\":\"WebSite\",\"@id\":\"https:\\\/\\\/resortoasis.ca\\\/en\\\/#website\",\"url\":\"https:\\\/\\\/resortoasis.ca\\\/en\\\/\",\"name\":\"Oasis RV Resort - Ottawa, Ontario - Canada\",\"description\":\"Campground in Eastern Ontario\",\"publisher\":{\"@id\":\"https:\\\/\\\/resortoasis.ca\\\/en\\\/#organization\"},\"potentialAction\":[{\"@type\":\"SearchAction\",\"target\":{\"@type\":\"EntryPoint\",\"urlTemplate\":\"https:\\\/\\\/resortoasis.ca\\\/en\\\/?s={search_term_string}\"},\"query-input\":{\"@type\":\"PropertyValueSpecification\",\"valueRequired\":true,\"valueName\":\"search_term_string\"}}],\"inLanguage\":\"fr-CA\"},{\"@type\":\"Organization\",\"@id\":\"https:\\\/\\\/resortoasis.ca\\\/en\\\/#organization\",\"name\":\"Oasis RV Resort - Ottawa, Ontario - Canada\",\"url\":\"https:\\\/\\\/resortoasis.ca\\\/en\\\/\",\"logo\":{\"@type\":\"ImageObject\",\"inLanguage\":\"fr-CA\",\"@id\":\"https:\\\/\\\/resortoasis.ca\\\/en\\\/#\\\/schema\\\/logo\\\/image\\\/\",\"url\":\"https:\\\/\\\/resortoasis.ca\\\/wp-content\\\/uploads\\\/2024\\\/08\\\/OASIS-LOGO-1.png\",\"contentUrl\":\"https:\\\/\\\/resortoasis.ca\\\/wp-content\\\/uploads\\\/2024\\\/08\\\/OASIS-LOGO-1.png\",\"width\":300,\"height\":272,\"caption\":\"Oasis RV Resort - Ottawa, Ontario - Canada\"},\"image\":{\"@id\":\"https:\\\/\\\/resortoasis.ca\\\/en\\\/#\\\/schema\\\/logo\\\/image\\\/\"}}]}<\/script>\n<!-- \/ Yoast SEO Premium plugin. -->","yoast_head_json":{"title":"Principales attractions","description":"Stay at Oasis RV Resort in Limoges, Ontario and enjoy nearby attractions like Calypso Waterpark, Larose Forest, Ottawa museums, golf, and more!","robots":{"index":"index","follow":"follow","max-snippet":"max-snippet:-1","max-image-preview":"max-image-preview:large","max-video-preview":"max-video-preview:-1"},"canonical":"https:\/\/resortoasis.ca\/fr\/local-attractions\/","og_locale":"fr_CA","og_type":"article","og_title":"Top Attractions Near Oasis RV Resort in Limoges, Ontario","og_description":"Stay at Oasis RV Resort in Limoges, Ontario and enjoy nearby attractions like Calypso Waterpark, Larose Forest, Ottawa museums, golf, and more!","og_url":"https:\/\/resortoasis.ca\/fr\/local-attractions\/","og_site_name":"Oasis RV Resort - Ottawa, Ontario - Canada","article_modified_time":"2025-10-15T04:58:26+00:00","og_image":[{"width":300,"height":272,"url":"https:\/\/resortoasis.ca\/wp-content\/uploads\/2024\/08\/OASIS-LOGO-1.png","type":"image\/png"}],"twitter_card":"summary_large_image","twitter_misc":{"Estimation du temps de lecture":"5 minutes"},"schema":{"@context":"https:\/\/schema.org","@graph":[{"@type":"WebPage","@id":"https:\/\/resortoasis.ca\/local-attractions\/","url":"https:\/\/resortoasis.ca\/local-attractions\/","name":"Principales attractions","isPartOf":{"@id":"https:\/\/resortoasis.ca\/en\/#website"},"datePublished":"2025-06-09T10:07:40+00:00","dateModified":"2025-10-15T04:58:26+00:00","description":"Stay at Oasis RV Resort in Limoges, Ontario and enjoy nearby attractions like Calypso Waterpark, Larose Forest, Ottawa museums, golf, and more!","breadcrumb":{"@id":"https:\/\/resortoasis.ca\/local-attractions\/#breadcrumb"},"inLanguage":"fr-CA","potentialAction":[{"@type":"ReadAction","target":["https:\/\/resortoasis.ca\/local-attractions\/"]}]},{"@type":"BreadcrumbList","@id":"https:\/\/resortoasis.ca\/local-attractions\/#breadcrumb","itemListElement":[{"@type":"ListItem","position":1,"name":"Home","item":"https:\/\/resortoasis.ca\/"},{"@type":"ListItem","position":2,"name":"Top Attractions Near Oasis RV Resort in Limoges, Ontario"}]},{"@type":"WebSite","@id":"https:\/\/resortoasis.ca\/en\/#website","url":"https:\/\/resortoasis.ca\/en\/","name":"Oasis RV Resort - Ottawa, Ontario - Canada","description":"Campground in Eastern Ontario","publisher":{"@id":"https:\/\/resortoasis.ca\/en\/#organization"},"potentialAction":[{"@type":"SearchAction","target":{"@type":"EntryPoint","urlTemplate":"https:\/\/resortoasis.ca\/en\/?s={search_term_string}"},"query-input":{"@type":"PropertyValueSpecification","valueRequired":true,"valueName":"search_term_string"}}],"inLanguage":"fr-CA"},{"@type":"Organization","@id":"https:\/\/resortoasis.ca\/en\/#organization","name":"Oasis RV Resort - Ottawa, Ontario - Canada","url":"https:\/\/resortoasis.ca\/en\/","logo":{"@type":"ImageObject","inLanguage":"fr-CA","@id":"https:\/\/resortoasis.ca\/en\/#\/schema\/logo\/image\/","url":"https:\/\/resortoasis.ca\/wp-content\/uploads\/2024\/08\/OASIS-LOGO-1.png","contentUrl":"https:\/\/resortoasis.ca\/wp-content\/uploads\/2024\/08\/OASIS-LOGO-1.png","width":300,"height":272,"caption":"Oasis RV Resort - Ottawa, Ontario - Canada"},"image":{"@id":"https:\/\/resortoasis.ca\/en\/#\/schema\/logo\/image\/"}}]}},"_links":{"self":[{"href":"https:\/\/resortoasis.ca\/fr\/wp-json\/wp\/v2\/pages\/2862","targetHints":{"allow":["GET"]}}],"collection":[{"href":"https:\/\/resortoasis.ca\/fr\/wp-json\/wp\/v2\/pages"}],"about":[{"href":"https:\/\/resortoasis.ca\/fr\/wp-json\/wp\/v2\/types\/page"}],"author":[{"embeddable":true,"href":"https:\/\/resortoasis.ca\/fr\/wp-json\/wp\/v2\/users\/3"}],"replies":[{"embeddable":true,"href":"https:\/\/resortoasis.ca\/fr\/wp-json\/wp\/v2\/comments?post=2862"}],"version-history":[{"count":21,"href":"https:\/\/resortoasis.ca\/fr\/wp-json\/wp\/v2\/pages\/2862\/revisions"}],"predecessor-version":[{"id":2926,"href":"https:\/\/resortoasis.ca\/fr\/wp-json\/wp\/v2\/pages\/2862\/revisions\/2926"}],"wp:attachment":[{"href":"https:\/\/resortoasis.ca\/fr\/wp-json\/wp\/v2\/media?parent=2862"}],"curies":[{"name":"wp","href":"https:\/\/api.w.org\/{rel}","templated":true}]}}