{"id":1924,"date":"2021-09-23T15:25:03","date_gmt":"2021-09-23T15:25:03","guid":{"rendered":"https:\/\/webspaceottawa.com\/oasis\/?page_id=1924"},"modified":"2025-07-23T15:18:25","modified_gmt":"2025-07-23T15:18:25","slug":"our-accomodations","status":"publish","type":"page","link":"https:\/\/resortoasis.ca\/fr\/our-accomodations\/","title":{"rendered":"NOS H\u00c9BERGEMENTS"},"content":{"rendered":"<div class=\"wpb-content-wrapper\"><div class=\"vc_row wpb_row vc_row-fluid\"><div class=\"wpb_column vc_column_container vc_col-sm-12\"><div class=\"vc_column-inner\"><div class=\"wpb_wrapper\"><div style=\"background-color:;height: 10px\" class=\"nicdark_section\"><\/div> <h1 style=\"color:;padding:px;text-align:center;font-size:40px;line-height:50px;letter-spacing: px;font-weight:normal\" class=\"nd_options_font_size_40_important_all_iphone nd_options_first_font\">NOS H\u00c9BERGEMENTS<\/h1> <div style=\"background-color:;height: 20px\" class=\"nicdark_section\"><\/div><\/div><\/div><\/div><\/div><div class=\"vc_row wpb_row vc_row-fluid vc_row-o-equal-height vc_row-flex\"><div class=\"wslk_image_left_padding wpb_column vc_column_container vc_col-sm-4\"><div class=\"vc_column-inner vc_custom_1724311738142\"><div class=\"wpb_wrapper\"><div style=\"background-color:;height: 10px\" class=\"nicdark_section\"><\/div>\n\t<div  class=\"wpb_single_image wpb_content_element vc_align_center wpb_content_element  wslk_ourprice_img\">\n\t\t\n\t\t<figure class=\"wpb_wrapper vc_figure\">\n\t\t\t<div class=\"vc_single_image-wrapper   vc_box_border_grey\"><img loading=\"lazy\" decoding=\"async\" width=\"900\" height=\"600\" src=\"https:\/\/resortoasis.ca\/wp-content\/uploads\/2024\/10\/bigstock-Caucasian-Family-On-The-Summer-403077548-1.webp\" class=\"vc_single_image-img attachment-large\" alt=\"\" title=\"bigstock-Caucasian-Family-On-The-Summer-403077548-1\" srcset=\"https:\/\/resortoasis.ca\/wp-content\/uploads\/2024\/10\/bigstock-Caucasian-Family-On-The-Summer-403077548-1.webp 900w, https:\/\/resortoasis.ca\/wp-content\/uploads\/2024\/10\/bigstock-Caucasian-Family-On-The-Summer-403077548-1-300x200.webp 300w, https:\/\/resortoasis.ca\/wp-content\/uploads\/2024\/10\/bigstock-Caucasian-Family-On-The-Summer-403077548-1-768x512.webp 768w, https:\/\/resortoasis.ca\/wp-content\/uploads\/2024\/10\/bigstock-Caucasian-Family-On-The-Summer-403077548-1-18x12.webp 18w\" sizes=\"auto, (max-width: 900px) 100vw, 900px\" \/><\/div>\n\t\t<\/figure>\n\t<\/div>\n<\/div><\/div><\/div><div class=\"wpb_column vc_column_container vc_col-sm-8\"><div class=\"vc_column-inner\"><div class=\"wpb_wrapper\"><div style=\"background-color:;height: 20px\" class=\"nicdark_section\"><\/div> <h2 style=\"color:;padding:px;text-align:;font-size:25px;line-height:40px;letter-spacing: px;font-weight:normal\" class=\"nd_options_first_font\">Sites de camping-car (sites desservis)<\/h2>  <h2 style=\"color:;padding:px;text-align:;font-size:20px;line-height:30px;letter-spacing: px;font-weight:normal\" class=\"nd_options_first_font\">\u00e0 partir du 10 mai et date de cl\u00f4ture le 14 octobre<\/h2> <div style=\"background-color:;height: 10px\" class=\"nicdark_section\"><\/div> <p style=\"color:;padding:px;text-align:;font-size:15px;line-height:25px;letter-spacing: px;font-weight:normal\" class=\"nd_options_first_font\">(R\u00e9servation minimum de 2 nuits le week-end et r\u00e9servation minimum de 3 nuits les longs week-ends)<\/p> <div style=\"background-color:;height: 10px\" class=\"nicdark_section\"><\/div><div class=\"vc_btn3-container vc_btn3-left vc_do_btn\" ><a class=\"vc_general vc_btn3 vc_btn3-size-lg vc_btn3-shape-square vc_btn3-style-classic vc_btn3-icon-left vc_btn3-color-green\" href=\"https:\/\/secure.reservationcamping.ca\/cgi-bin\/reservation.cgi?camping_id=a79039bf9ea4d422fdf18adae7&amp;lang=2&amp;portail=&amp;referent=&amp;ar=1&amp;ar=2\" title=\"Lien de r\u00e9servation\" target=\"_blank\"><i class=\"vc_btn3-icon fas fa-arrow-right\"><\/i> R\u00c9SERVATION EN LIGNE!<\/a><\/div><div style=\"background-color:;height: 10px\" class=\"nicdark_section\"><\/div><div class=\"vc_row wpb_row vc_inner vc_row-fluid\"><div class=\"wpb_column vc_column_container vc_col-sm-6\"><div class=\"vc_column-inner\"><div class=\"wpb_wrapper\">\n\t<div class=\"wpb_text_column wpb_content_element nd_options_text_align_center_responsive\" >\n\t\t<div class=\"wpb_wrapper\">\n\t\t\t<h4><strong>30 amp<\/strong><\/h4>\n<p>Quotidien \u2013 69,00 $<\/p>\n<p>Hebdomadaire - 385$<\/p>\n<p>Mensuel \u2013 1180.00 $<\/p>\n\n\t\t<\/div>\n\t<\/div>\n<\/div><\/div><\/div><div class=\"wpb_column vc_column_container vc_col-sm-6\"><div class=\"vc_column-inner\"><div class=\"wpb_wrapper\">\n\t<div class=\"wpb_text_column wpb_content_element nd_options_text_align_center_responsive\" >\n\t\t<div class=\"wpb_wrapper\">\n\t\t\t<h4><strong>50 amp<\/strong><\/h4>\n<p>Quotidien - 74.00 $<\/p>\n<p>Hebdomadaire \u2013 410,00 $<\/p>\n<p>Mensuel \u2013 1310.00 $<\/p>\n\n\t\t<\/div>\n\t<\/div>\n<\/div><\/div><\/div><\/div><\/div><\/div><\/div><\/div><div class=\"vc_row wpb_row vc_row-fluid vc_custom_1724311590015\"><div class=\"wpb_column vc_column_container vc_col-sm-12\"><div class=\"vc_column-inner\"><div class=\"wpb_wrapper\"><div class=\"vc_separator wpb_content_element vc_separator_align_center vc_sep_width_100 vc_sep_pos_align_center vc_separator_no_text vc_sep_color_grey wpb_content_element  wpb_content_element\" ><span class=\"vc_sep_holder vc_sep_holder_l\"><span class=\"vc_sep_line\"><\/span><\/span><span class=\"vc_sep_holder vc_sep_holder_r\"><span class=\"vc_sep_line\"><\/span><\/span>\n<\/div> <p style=\"color:;padding:px;text-align:;font-size:15px;line-height:25px;letter-spacing: px;font-weight:normal\" class=\"nd_options_text_align_center_responsive_important nd_options_first_font\">*Les prix incluent la TVH *<\/p>  <p style=\"color:;padding:px;text-align:;font-size:15px;line-height:25px;letter-spacing: px;font-weight:normal\" class=\"nd_options_text_align_center_responsive_important nd_options_first_font\">Nombre de personnes autoris\u00e9es par lot ; 2 adultes et 4 enfants de moins de 16 ans.<\/p>  <p style=\"color:;padding:px;text-align:;font-size:15px;line-height:25px;letter-spacing: px;font-weight:normal\" class=\"nd_options_text_align_center_responsive_important nd_options_first_font\">*10$ suppl\u00e9mentaire par nuit, par personne.<\/p>  <p style=\"color:;padding:px;text-align:;font-size:15px;line-height:25px;letter-spacing: px;font-weight:normal\" class=\"nd_options_text_align_center_responsive_important nd_options_first_font\">*Les services du site incluent ; eau, \u00e9lectricit\u00e9 (30 amp\u00e8res) et \u00e9gout.<\/p>  <p style=\"color:;padding:px;text-align:;font-size:15px;line-height:25px;letter-spacing: px;font-weight:normal\" class=\"nd_options_text_align_center_responsive_important nd_options_first_font\">* Heure d'arriv\u00e9e ; 14h00 \u2013 20h00 *\nHeure de d\u00e9part; 12h00<\/p>  <p style=\"color:;padding:px;text-align:;font-size:15px;line-height:25px;letter-spacing: px;font-weight:normal\" class=\"nd_options_text_align_center_responsive_important nd_options_first_font\">*Aucun remboursement ne sera effectu\u00e9 pour les annulations effectu\u00e9es moins de 30 jours avant l'arriv\u00e9e.<\/p> <\/div><\/div><\/div><\/div><div class=\"vc_row wpb_row vc_row-fluid\"><div class=\"wpb_column vc_column_container vc_col-sm-12\"><div class=\"vc_column-inner\"><div class=\"wpb_wrapper\">\n\t<div class=\"wpb_raw_code wpb_raw_html wpb_content_element\" >\n\t\t<div class=\"wpb_wrapper\">\n\t\t\t<script type=\"application\/ld+json\">\n{\n  \"@context\": \"https:\/\/schema.org\",\n  \"@type\": \"LocalBusiness\",\n  \"name\": \"OUR ACCOMODATIONS - Oasis RV Resort - Ottawa, Ontario - Canada\",\n  \"image\": \"https:\/\/resortoasis.ca\/wp-content\/uploads\/2024\/08\/OASIS-RVResort-1.png.webp\",\n  \"url\": \"https:\/\/resortoasis.ca\/our-accomodations\/\",\n  \"telephone\": \"613-443-2023\",\n  \"priceRange\": \"$$$$\",\n  \"description\": \"Choose between 30-50 amp full hook up RV sites. Rustic cabins for rent. Big rig friendly RV campground only 20 minutes from Ottawa.\",\n  \"address\": {\n    \"@type\": \"PostalAddress\",\n    \"streetAddress\": \"2052 Calypso St\",\n    \"addressLocality\": \"Limoges\",\n    \"addressRegion\": \"ON\",\n    \"postalCode\": \"K0A 2M0\",\n    \"addressCountry\": \"CA\"\n  },\n  \"geo\": {\n    \"@type\": \"GeoCoordinates\",\n    \"latitude\": 45.3219108,\n    \"longitude\": -75.2326202\n  },\n  \"aggregateRating\": {\n    \"@type\": \"AggregateRating\",\n    \"ratingValue\": \"5\",\n    \"bestRating\": \"5\",\n    \"worstRating\": \"1\",\n    \"ratingCount\": \"111\",\n    \"reviewCount\": \"111\"\n  }\n \n    }\n<\/script>\n\n\n\t\t<\/div>\n\t<\/div>\n<\/div><\/div><\/div><\/div>\n<\/div>","protected":false},"excerpt":{"rendered":"OUR ACCOMODATIONS RV Sites (Serviced sites) from May 10th and closing date October 14th (Minimum 2 night booking on weekends and minimum 3 night booking of long weekends) BOOK ONLINE! [...]","protected":false},"author":1,"featured_media":0,"parent":0,"menu_order":0,"comment_status":"closed","ping_status":"closed","template":"","meta":{"footnotes":""},"class_list":["post-1924","page","type-page","status-publish","hentry"],"yoast_head":"<!-- This site is optimized with the Yoast SEO Premium plugin v25.0 (Yoast SEO v27.3) - https:\/\/yoast.com\/product\/yoast-seo-premium-wordpress\/ -->\n<title>OUR ACCOMODATIONS - Oasis RV Resort - Ottawa, Ontario - Canada<\/title>\n<meta name=\"description\" content=\"Choose between 30-50 amp full hook up RV sites. Rustic cabins for rent. Big rig friendly RV campground only 20 minutes from Ottawa.\" \/>\n<meta name=\"robots\" content=\"index, follow, max-snippet:-1, max-image-preview:large, max-video-preview:-1\" \/>\n<link rel=\"canonical\" href=\"https:\/\/resortoasis.ca\/fr\/our-accomodations\/\" \/>\n<meta property=\"og:locale\" content=\"fr_CA\" \/>\n<meta property=\"og:type\" content=\"article\" \/>\n<meta property=\"og:title\" content=\"OUR ACCOMODATIONS\" \/>\n<meta property=\"og:description\" content=\"Choose between 30-50 amp full hook up RV sites. Rustic cabins for rent. Big rig friendly RV campground only 20 minutes from Ottawa.\" \/>\n<meta property=\"og:url\" content=\"https:\/\/resortoasis.ca\/fr\/our-accomodations\/\" \/>\n<meta property=\"og:site_name\" content=\"Oasis RV Resort - Ottawa, Ontario - Canada\" \/>\n<meta property=\"article:modified_time\" content=\"2025-07-23T15:18:25+00:00\" \/>\n<meta property=\"og:image\" content=\"https:\/\/resortoasis.ca\/wp-content\/uploads\/2024\/08\/OASIS-LOGO-1.png\" \/>\n\t<meta property=\"og:image:width\" content=\"300\" \/>\n\t<meta property=\"og:image:height\" content=\"272\" \/>\n\t<meta property=\"og:image:type\" content=\"image\/png\" \/>\n<meta name=\"twitter:card\" content=\"summary_large_image\" \/>\n<meta name=\"twitter:title\" content=\"OUR ACCOMODATIONS\" \/>\n<meta name=\"twitter:image\" content=\"https:\/\/resortoasis.ca\/wp-content\/uploads\/2024\/08\/OASIS-LOGO-1.png\" \/>\n<meta name=\"twitter:label1\" content=\"Estimation du temps de lecture\" \/>\n\t<meta name=\"twitter:data1\" content=\"2 minutes\" \/>\n<script type=\"application\/ld+json\" class=\"yoast-schema-graph\">{\"@context\":\"https:\\\/\\\/schema.org\",\"@graph\":[{\"@type\":\"WebPage\",\"@id\":\"https:\\\/\\\/resortoasis.ca\\\/our-accomodations\\\/\",\"url\":\"https:\\\/\\\/resortoasis.ca\\\/our-accomodations\\\/\",\"name\":\"OUR ACCOMODATIONS - Oasis RV Resort - Ottawa, Ontario - Canada\",\"isPartOf\":{\"@id\":\"https:\\\/\\\/resortoasis.ca\\\/en\\\/#website\"},\"datePublished\":\"2021-09-23T15:25:03+00:00\",\"dateModified\":\"2025-07-23T15:18:25+00:00\",\"description\":\"Choose between 30-50 amp full hook up RV sites. Rustic cabins for rent. Big rig friendly RV campground only 20 minutes from Ottawa.\",\"breadcrumb\":{\"@id\":\"https:\\\/\\\/resortoasis.ca\\\/our-accomodations\\\/#breadcrumb\"},\"inLanguage\":\"fr-CA\",\"potentialAction\":[{\"@type\":\"ReadAction\",\"target\":[\"https:\\\/\\\/resortoasis.ca\\\/our-accomodations\\\/\"]}]},{\"@type\":\"BreadcrumbList\",\"@id\":\"https:\\\/\\\/resortoasis.ca\\\/our-accomodations\\\/#breadcrumb\",\"itemListElement\":[{\"@type\":\"ListItem\",\"position\":1,\"name\":\"Home\",\"item\":\"https:\\\/\\\/resortoasis.ca\\\/\"},{\"@type\":\"ListItem\",\"position\":2,\"name\":\"OUR ACCOMODATIONS\"}]},{\"@type\":\"WebSite\",\"@id\":\"https:\\\/\\\/resortoasis.ca\\\/en\\\/#website\",\"url\":\"https:\\\/\\\/resortoasis.ca\\\/en\\\/\",\"name\":\"Oasis RV Resort - Ottawa, Ontario - Canada\",\"description\":\"Campground in Eastern Ontario\",\"publisher\":{\"@id\":\"https:\\\/\\\/resortoasis.ca\\\/en\\\/#organization\"},\"potentialAction\":[{\"@type\":\"SearchAction\",\"target\":{\"@type\":\"EntryPoint\",\"urlTemplate\":\"https:\\\/\\\/resortoasis.ca\\\/en\\\/?s={search_term_string}\"},\"query-input\":{\"@type\":\"PropertyValueSpecification\",\"valueRequired\":true,\"valueName\":\"search_term_string\"}}],\"inLanguage\":\"fr-CA\"},{\"@type\":\"Organization\",\"@id\":\"https:\\\/\\\/resortoasis.ca\\\/en\\\/#organization\",\"name\":\"Oasis RV Resort - Ottawa, Ontario - Canada\",\"url\":\"https:\\\/\\\/resortoasis.ca\\\/en\\\/\",\"logo\":{\"@type\":\"ImageObject\",\"inLanguage\":\"fr-CA\",\"@id\":\"https:\\\/\\\/resortoasis.ca\\\/en\\\/#\\\/schema\\\/logo\\\/image\\\/\",\"url\":\"https:\\\/\\\/resortoasis.ca\\\/wp-content\\\/uploads\\\/2024\\\/08\\\/OASIS-LOGO-1.png\",\"contentUrl\":\"https:\\\/\\\/resortoasis.ca\\\/wp-content\\\/uploads\\\/2024\\\/08\\\/OASIS-LOGO-1.png\",\"width\":300,\"height\":272,\"caption\":\"Oasis RV Resort - Ottawa, Ontario - Canada\"},\"image\":{\"@id\":\"https:\\\/\\\/resortoasis.ca\\\/en\\\/#\\\/schema\\\/logo\\\/image\\\/\"}}]}<\/script>\n<!-- \/ Yoast SEO Premium plugin. -->","yoast_head_json":{"title":"OUR ACCOMODATIONS - Oasis RV Resort - Ottawa, Ontario - Canada","description":"Choose between 30-50 amp full hook up RV sites. Rustic cabins for rent. Big rig friendly RV campground only 20 minutes from Ottawa.","robots":{"index":"index","follow":"follow","max-snippet":"max-snippet:-1","max-image-preview":"max-image-preview:large","max-video-preview":"max-video-preview:-1"},"canonical":"https:\/\/resortoasis.ca\/fr\/our-accomodations\/","og_locale":"fr_CA","og_type":"article","og_title":"OUR ACCOMODATIONS","og_description":"Choose between 30-50 amp full hook up RV sites. Rustic cabins for rent. Big rig friendly RV campground only 20 minutes from Ottawa.","og_url":"https:\/\/resortoasis.ca\/fr\/our-accomodations\/","og_site_name":"Oasis RV Resort - Ottawa, Ontario - Canada","article_modified_time":"2025-07-23T15:18:25+00:00","og_image":[{"width":300,"height":272,"url":"https:\/\/resortoasis.ca\/wp-content\/uploads\/2024\/08\/OASIS-LOGO-1.png","type":"image\/png"}],"twitter_card":"summary_large_image","twitter_title":"OUR ACCOMODATIONS","twitter_image":"https:\/\/resortoasis.ca\/wp-content\/uploads\/2024\/08\/OASIS-LOGO-1.png","twitter_misc":{"Estimation du temps de lecture":"2 minutes"},"schema":{"@context":"https:\/\/schema.org","@graph":[{"@type":"WebPage","@id":"https:\/\/resortoasis.ca\/our-accomodations\/","url":"https:\/\/resortoasis.ca\/our-accomodations\/","name":"OUR ACCOMODATIONS - Oasis RV Resort - Ottawa, Ontario - Canada","isPartOf":{"@id":"https:\/\/resortoasis.ca\/en\/#website"},"datePublished":"2021-09-23T15:25:03+00:00","dateModified":"2025-07-23T15:18:25+00:00","description":"Choose between 30-50 amp full hook up RV sites. Rustic cabins for rent. Big rig friendly RV campground only 20 minutes from Ottawa.","breadcrumb":{"@id":"https:\/\/resortoasis.ca\/our-accomodations\/#breadcrumb"},"inLanguage":"fr-CA","potentialAction":[{"@type":"ReadAction","target":["https:\/\/resortoasis.ca\/our-accomodations\/"]}]},{"@type":"BreadcrumbList","@id":"https:\/\/resortoasis.ca\/our-accomodations\/#breadcrumb","itemListElement":[{"@type":"ListItem","position":1,"name":"Home","item":"https:\/\/resortoasis.ca\/"},{"@type":"ListItem","position":2,"name":"OUR ACCOMODATIONS"}]},{"@type":"WebSite","@id":"https:\/\/resortoasis.ca\/en\/#website","url":"https:\/\/resortoasis.ca\/en\/","name":"Oasis RV Resort - Ottawa, Ontario - Canada","description":"Campground in Eastern Ontario","publisher":{"@id":"https:\/\/resortoasis.ca\/en\/#organization"},"potentialAction":[{"@type":"SearchAction","target":{"@type":"EntryPoint","urlTemplate":"https:\/\/resortoasis.ca\/en\/?s={search_term_string}"},"query-input":{"@type":"PropertyValueSpecification","valueRequired":true,"valueName":"search_term_string"}}],"inLanguage":"fr-CA"},{"@type":"Organization","@id":"https:\/\/resortoasis.ca\/en\/#organization","name":"Oasis RV Resort - Ottawa, Ontario - Canada","url":"https:\/\/resortoasis.ca\/en\/","logo":{"@type":"ImageObject","inLanguage":"fr-CA","@id":"https:\/\/resortoasis.ca\/en\/#\/schema\/logo\/image\/","url":"https:\/\/resortoasis.ca\/wp-content\/uploads\/2024\/08\/OASIS-LOGO-1.png","contentUrl":"https:\/\/resortoasis.ca\/wp-content\/uploads\/2024\/08\/OASIS-LOGO-1.png","width":300,"height":272,"caption":"Oasis RV Resort - Ottawa, Ontario - Canada"},"image":{"@id":"https:\/\/resortoasis.ca\/en\/#\/schema\/logo\/image\/"}}]}},"_links":{"self":[{"href":"https:\/\/resortoasis.ca\/fr\/wp-json\/wp\/v2\/pages\/1924","targetHints":{"allow":["GET"]}}],"collection":[{"href":"https:\/\/resortoasis.ca\/fr\/wp-json\/wp\/v2\/pages"}],"about":[{"href":"https:\/\/resortoasis.ca\/fr\/wp-json\/wp\/v2\/types\/page"}],"author":[{"embeddable":true,"href":"https:\/\/resortoasis.ca\/fr\/wp-json\/wp\/v2\/users\/1"}],"replies":[{"embeddable":true,"href":"https:\/\/resortoasis.ca\/fr\/wp-json\/wp\/v2\/comments?post=1924"}],"version-history":[{"count":48,"href":"https:\/\/resortoasis.ca\/fr\/wp-json\/wp\/v2\/pages\/1924\/revisions"}],"predecessor-version":[{"id":2891,"href":"https:\/\/resortoasis.ca\/fr\/wp-json\/wp\/v2\/pages\/1924\/revisions\/2891"}],"wp:attachment":[{"href":"https:\/\/resortoasis.ca\/fr\/wp-json\/wp\/v2\/media?parent=1924"}],"curies":[{"name":"wp","href":"https:\/\/api.w.org\/{rel}","templated":true}]}}